{"id":4240,"date":"2026-03-17T11:25:57","date_gmt":"2026-03-17T11:25:57","guid":{"rendered":"https:\/\/foapi.org\/registration\/"},"modified":"2026-03-26T16:58:18","modified_gmt":"2026-03-26T15:58:18","slug":"registration","status":"publish","type":"page","link":"https:\/\/foapi.org\/en\/registration\/","title":{"rendered":"Registration"},"content":{"rendered":"\t\t<div data-elementor-type=\"wp-page\" data-elementor-id=\"4240\" class=\"elementor elementor-4240 elementor-23\" data-elementor-post-type=\"page\">\n\t\t\t\t<div class=\"elementor-element elementor-element-6f9261f e-con-full e-flex wpr-particle-no wpr-jarallax-no wpr-parallax-no wpr-sticky-section-no wpr-equal-height-no e-con e-parent\" data-id=\"6f9261f\" data-element_type=\"container\" data-e-type=\"container\" data-settings=\"{&quot;background_background&quot;:&quot;classic&quot;}\">\n\t\t\t\t<div class=\"elementor-element elementor-element-21267e9 elementor-widget elementor-widget-heading\" data-id=\"21267e9\" data-element_type=\"widget\" data-e-type=\"widget\" data-widget_type=\"heading.default\">\n\t\t\t\t\t<h1 class=\"elementor-heading-title elementor-size-default\">Registration<\/h1>\t\t\t\t<\/div>\n\t\t\t\t<div class=\"elementor-element elementor-element-92e4206 elementor-widget elementor-widget-text-editor\" data-id=\"92e4206\" data-element_type=\"widget\" data-e-type=\"widget\" data-widget_type=\"text-editor.default\">\n\t\t\t\t\t\t\t\t\t<section class=\"pt-24 pb-8 relative\"><div class=\"container-max px-4 text-center relative z-10\"><p class=\"text-white\/50 text-sm font-body\">Confirm your participation in FOAPI 2026<\/p><\/div><\/section><section class=\"py-8 section-white concentric-white\"><div class=\"max-w-[520px] mx-auto px-4\"><div class=\"transition-all duration-700 ease-out opacity-100 translate-y-0\"><form class=\"rounded-2xl shadow-lg border border-foreground\/8 overflow-hidden\" novalidate=\"\"><div class=\"bg-white p-5 md:p-6\"> <\/div><\/form><\/div><\/div><\/section>\t\t\t\t\t\t\t\t<\/div>\n\t\t\t\t<\/div>\n\t\t<div class=\"elementor-element elementor-element-72b5968 e-con-full e-flex wpr-particle-no wpr-jarallax-no wpr-parallax-no wpr-sticky-section-no wpr-equal-height-no e-con e-parent\" data-id=\"72b5968\" data-element_type=\"container\" data-e-type=\"container\">\n\t\t\t\t<div class=\"elementor-element elementor-element-c52cd96 elementor-widget elementor-widget-shortcode\" data-id=\"c52cd96\" data-element_type=\"widget\" data-e-type=\"widget\" data-widget_type=\"shortcode.default\">\n\t\t\t\t\t\t\t<div class=\"elementor-shortcode\"><div class=\"forminator-ui forminator-custom-form forminator-custom-form-1798 forminator-design--default  forminator_ajax\" data-forminator-render=\"1\" data-form=\"forminator-module-1798\" data-uid=\"69f34f58bdb05\"><br\/><\/div><form\n\t\t\t\tid=\"forminator-module-1798\"\n\t\t\t\tclass=\"forminator-ui forminator-custom-form forminator-custom-form-1798 forminator-design--default  forminator_ajax\"\n\t\t\t\tmethod=\"post\"\n\t\t\t\tdata-forminator-render=\"1\"\n\t\t\t\tdata-form-id=\"1798\"\n\t\t\t\t data-color-option=\"theme\" data-design=\"default\" data-grid=\"open\" style=\"display: none;\"\n\t\t\t\tdata-uid=\"69f34f58bdb05\"\n\t\t\t><div role=\"alert\" aria-live=\"polite\" class=\"forminator-response-message forminator-error\" aria-hidden=\"true\"><\/div><div class=\"forminator-row\"><div id=\"name-1\" class=\"forminator-field-name forminator-col forminator-col-12 \"><div class=\"forminator-field\"><label for=\"forminator-field-name-1_69f34f58bdb05\" id=\"forminator-field-name-1_69f34f58bdb05-label\" class=\"forminator-label\">Nom complet <span class=\"forminator-required\">*<\/span><\/label><input type=\"text\" name=\"name-1\" value=\"\" placeholder=\"Kone Aminata\" id=\"forminator-field-name-1_69f34f58bdb05\" class=\"forminator-input forminator-name--field\" aria-required=\"true\" autocomplete=\"name\" \/><\/div><\/div><\/div><div class=\"forminator-row\"><div id=\"email-1\" class=\"forminator-field-email forminator-col forminator-col-12 \"><div class=\"forminator-field\"><label for=\"forminator-field-email-1_69f34f58bdb05\" id=\"forminator-field-email-1_69f34f58bdb05-label\" class=\"forminator-label\">Email <span class=\"forminator-required\">*<\/span><\/label><input type=\"email\" name=\"email-1\" value=\"\" placeholder=\"vore-email@exemple.com\" id=\"forminator-field-email-1_69f34f58bdb05\" class=\"forminator-input forminator-email--field\" data-required=\"1\" aria-required=\"true\" autocomplete=\"email\" \/><\/div><\/div><\/div><div class=\"forminator-row\"><div id=\"text-1\" class=\"forminator-field-text forminator-col forminator-col-12 \"><div class=\"forminator-field\"><label for=\"forminator-field-text-1_69f34f58bdb05\" id=\"forminator-field-text-1_69f34f58bdb05-label\" class=\"forminator-label\">Organisation <span class=\"forminator-required\">*<\/span><\/label><input type=\"text\" name=\"text-1\" value=\"\" placeholder=\"Fondation XYZ\" id=\"forminator-field-text-1_69f34f58bdb05\" class=\"forminator-input forminator-name--field\" data-required=\"1\" \/><\/div><\/div><\/div><div class=\"forminator-row\"><div id=\"text-2\" class=\"forminator-field-text forminator-col forminator-col-12 \"><div class=\"forminator-field\"><label for=\"forminator-field-text-2_69f34f58bdb05\" id=\"forminator-field-text-2_69f34f58bdb05-label\" class=\"forminator-label\">Fonction \/ Poste<\/label><input type=\"text\" name=\"text-2\" value=\"\" placeholder=\"Directeur, \u00c9tudiant\" id=\"forminator-field-text-2_69f34f58bdb05\" class=\"forminator-input forminator-name--field\" data-required=\"\" \/><\/div><\/div><\/div><div class=\"forminator-row\"><div id=\"radio-1\" class=\"forminator-field-radio forminator-col forminator-col-12  foapi-events\"><div role=\"radiogroup\" class=\"forminator-field\" aria-labelledby=\"forminator-radiogroup-radio-1-69f34f58bdb05-label\"><span id=\"forminator-radiogroup-radio-1-69f34f58bdb05-label\" class=\"forminator-label\">Langue pr\u00e9f\u00e9r\u00e9e<\/span><label id=\"forminator-field-radio-1-label-1\" for=\"forminator-field-radio-1-1-69f34f58bdb05\" class=\"forminator-radio\" title=\"FRAN\u00c7AIS\"><input type=\"radio\" name=\"radio-1\" value=\"one\" id=\"forminator-field-radio-1-1-69f34f58bdb05\" aria-labelledby=\"forminator-field-radio-1-label-1\" data-calculation=\"0\"   data-hidden-behavior=\"zero\"\/><span class=\"forminator-radio-bullet\" aria-hidden=\"true\"><\/span><span class=\"forminator-radio-label\">FRAN\u00c7AIS<\/span><\/label><label id=\"forminator-field-radio-1-label-2\" for=\"forminator-field-radio-1-2-69f34f58bdb05\" class=\"forminator-radio\" title=\"ENGLISH\"><input type=\"radio\" name=\"radio-1\" value=\"two\" id=\"forminator-field-radio-1-2-69f34f58bdb05\" aria-labelledby=\"forminator-field-radio-1-label-2\" data-calculation=\"0\"   data-hidden-behavior=\"zero\"\/><span class=\"forminator-radio-bullet\" aria-hidden=\"true\"><\/span><span class=\"forminator-radio-label\">ENGLISH<\/span><\/label><\/div><\/div><\/div><div class=\"forminator-row\"><div id=\"radio-2\" class=\"forminator-field-radio forminator-col forminator-col-12  foapi-events\"><div role=\"radiogroup\" class=\"forminator-field\" aria-labelledby=\"forminator-radiogroup-radio-2-69f34f58bdb05-label\"><span id=\"forminator-radiogroup-radio-2-69f34f58bdb05-label\" class=\"forminator-label\">\u00c9v\u00e9nements<\/span><label id=\"forminator-field-radio-2-label-1\" for=\"forminator-field-radio-2-1-69f34f58bdb05\" class=\"forminator-radio\" title=\"Cocktail\"><input type=\"radio\" name=\"radio-2\" value=\"one\" id=\"forminator-field-radio-2-1-69f34f58bdb05\" aria-labelledby=\"forminator-field-radio-2-label-1\" data-calculation=\"0\" checked=\"checked\"  data-hidden-behavior=\"zero\"\/><span class=\"forminator-radio-bullet\" aria-hidden=\"true\"><\/span><span class=\"forminator-radio-label\">Cocktail<\/span><\/label><\/div><\/div><\/div><div class=\"forminator-row\"><div id=\"consent-1\" class=\"forminator-field-consent forminator-col forminator-col-12 \"><div class=\"forminator-field\"><div class=\"forminator-checkbox__wrapper\"><label id=\"forminator-field-consent-1_69f34f58bdb05__label\" class=\"forminator-checkbox forminator-consent\"><input type=\"checkbox\" name=\"consent-1\" id=\"forminator-field-consent-1_69f34f58bdb05\" value=\"checked\" aria-labelledby=\"forminator-field-consent-1_69f34f58bdb05-label\" aria-describedby=\"forminator-field-consent-1_69f34f58bdb05__description\" data-required=\"true\" aria-required=\"true\" \/><span class=\"forminator-checkbox-box\" aria-hidden=\"true\"><\/span><\/label><div id=\"forminator-field-consent-1_69f34f58bdb05__description\" class=\"forminator-checkbox__label forminator-consent__label\"><p>J'accepte que mes donn\u00e9es soient trait\u00e9es conform\u00e9ment a la politique de confidentialit\u00e9 du FOAPI<\/p><\/div><\/div><\/div><\/div><\/div><div class=\"forminator-row forminator-hidden\"><div id=\"hidden-1\" class=\"forminator-field-hidden  forminator-col-12 \"><input type=\"hidden\" id=\"hidden-1_69f34f58bdb05\" name=\"hidden-1\" value=\"216.73.217.59\" \/><\/div><\/div><input type=\"hidden\" name=\"referer_url\" value=\"\" \/><div class=\"forminator-row forminator-row-last\"><div class=\"forminator-col\"><div class=\"forminator-field\"><button class=\"forminator-button forminator-button-submit\">S&#039;inscrire<\/button><\/div><\/div><\/div><input type=\"hidden\" id=\"forminator_nonce\" name=\"forminator_nonce\" value=\"abbecec3a8\" \/><input type=\"hidden\" name=\"_wp_http_referer\" value=\"\/en\/wp-json\/wp\/v2\/pages\/4240\" \/><input type=\"hidden\" name=\"form_id\" value=\"1798\"><input type=\"hidden\" name=\"page_id\" value=\"4240\"><input type=\"hidden\" name=\"form_type\" value=\"default\"><input type=\"hidden\" name=\"current_url\" value=\"https:\/\/foapi.org\/en\/registration\/\"><input type=\"hidden\" name=\"render_id\" value=\"1\"><input type=\"hidden\" name=\"action\" value=\"forminator_submit_form_custom-forms\"><label for=\"input_9\" class=\"forminator-hidden\" aria-hidden=\"true\">Please do not fill in this field. <input id=\"input_9\" type=\"text\" name=\"input_9\" value=\"\" autocomplete=\"off\"><\/label><label for=\"input_9\" class=\"forminator-hidden\" aria-hidden=\"true\">Please do not fill in this field. <input id=\"input_9\" type=\"text\" name=\"input_9\" value=\"\" autocomplete=\"off\"><\/label><\/form><\/div>\n\t\t\t\t\t\t<\/div>\n\t\t\t\t<div class=\"elementor-element elementor-element-88c7d93 elementor-widget elementor-widget-html\" data-id=\"88c7d93\" data-element_type=\"widget\" data-e-type=\"widget\" data-widget_type=\"html.default\">\n\t\t\t\t\t<script>document.addEventListener('DOMContentLoaded', function () {\r\n  var form = document.getElementById('forminator-module-1798');\r\n  if (!form) return;\r\n  function updateRadioStyles(group) {\r\n    group.querySelectorAll('label').forEach(function(label) {\r\n      var input = label.querySelector('input[type=\"radio\"]');\r\n      if (input) {\r\n        label.classList.toggle('foapi-checked', input.checked);\r\n      }\r\n    });\r\n  }\r\n  form.querySelectorAll('div[role=\"radiogroup\"]').forEach(function(group) {\r\n    updateRadioStyles(group);\r\n    group.addEventListener('change', function () {\r\n      updateRadioStyles(group);\r\n    });\r\n  });\r\n});\r\n<\/script>\t\t\t\t<\/div>\n\t\t\t\t<\/div>\n\t\t\t\t<\/div>\n\t\t","protected":false},"excerpt":{"rendered":"<p>Registration Confirm your participation in FOAPI 2026<\/p>\n","protected":false},"author":1,"featured_media":0,"parent":0,"menu_order":0,"comment_status":"closed","ping_status":"closed","template":"","meta":{"_acf_changed":false,"_kadence_starter_templates_imported_post":false,"_kad_post_transparent":"","_kad_post_title":"","_kad_post_layout":"","_kad_post_sidebar_id":"","_kad_post_content_style":"","_kad_post_vertical_padding":"","_kad_post_feature":"","_kad_post_feature_position":"","_kad_post_header":false,"_kad_post_footer":false,"_kad_post_classname":"","footnotes":""},"class_list":["post-4240","page","type-page","status-publish","hentry"],"acf":[],"yoast_head":"<!-- This site is optimized with the Yoast SEO plugin v27.4 - https:\/\/yoast.com\/product\/yoast-seo-wordpress\/ -->\n<title>Registration - FOAPI<\/title>\n<meta name=\"robots\" content=\"index, follow, max-snippet:-1, max-image-preview:large, max-video-preview:-1\" \/>\n<link rel=\"canonical\" href=\"https:\/\/foapi.org\/en\/registration\/\" \/>\n<meta property=\"og:locale\" content=\"en_US\" \/>\n<meta property=\"og:type\" content=\"article\" \/>\n<meta property=\"og:title\" content=\"Registration - FOAPI\" \/>\n<meta property=\"og:description\" content=\"Registration Confirm your participation in FOAPI 2026\" \/>\n<meta property=\"og:url\" content=\"https:\/\/foapi.org\/en\/registration\/\" \/>\n<meta property=\"og:site_name\" content=\"FOAPI\" \/>\n<meta property=\"article:modified_time\" content=\"2026-03-26T15:58:18+00:00\" \/>\n<meta property=\"og:image\" content=\"https:\/\/foapi.org\/wp-content\/uploads\/2026\/03\/LOGO-.jpg.webp\" \/>\n\t<meta property=\"og:image:width\" content=\"512\" \/>\n\t<meta property=\"og:image:height\" content=\"512\" \/>\n\t<meta property=\"og:image:type\" content=\"image\/webp\" \/>\n<meta name=\"twitter:card\" content=\"summary_large_image\" \/>\n<script type=\"application\/ld+json\" class=\"yoast-schema-graph\">{\"@context\":\"https:\\\/\\\/schema.org\",\"@graph\":[{\"@type\":\"WebPage\",\"@id\":\"https:\\\/\\\/foapi.org\\\/en\\\/registration\\\/\",\"url\":\"https:\\\/\\\/foapi.org\\\/en\\\/registration\\\/\",\"name\":\"Registration - FOAPI\",\"isPartOf\":{\"@id\":\"https:\\\/\\\/foapi.org\\\/en\\\/#website\"},\"datePublished\":\"2026-03-17T11:25:57+00:00\",\"dateModified\":\"2026-03-26T15:58:18+00:00\",\"breadcrumb\":{\"@id\":\"https:\\\/\\\/foapi.org\\\/en\\\/registration\\\/#breadcrumb\"},\"inLanguage\":\"en-US\",\"potentialAction\":[{\"@type\":\"ReadAction\",\"target\":[\"https:\\\/\\\/foapi.org\\\/en\\\/registration\\\/\"]}]},{\"@type\":\"BreadcrumbList\",\"@id\":\"https:\\\/\\\/foapi.org\\\/en\\\/registration\\\/#breadcrumb\",\"itemListElement\":[{\"@type\":\"ListItem\",\"position\":1,\"name\":\"Accueil\",\"item\":\"https:\\\/\\\/foapi.org\\\/en\\\/home\\\/\"},{\"@type\":\"ListItem\",\"position\":2,\"name\":\"Registration\"}]},{\"@type\":\"WebSite\",\"@id\":\"https:\\\/\\\/foapi.org\\\/en\\\/#website\",\"url\":\"https:\\\/\\\/foapi.org\\\/en\\\/\",\"name\":\"FOAPI\",\"description\":\"Repenser la philanthropie africaine de la solidarit\u00e9 \u00e0 l&#039;investissement d&#039;impact\",\"publisher\":{\"@id\":\"https:\\\/\\\/foapi.org\\\/en\\\/#organization\"},\"potentialAction\":[{\"@type\":\"SearchAction\",\"target\":{\"@type\":\"EntryPoint\",\"urlTemplate\":\"https:\\\/\\\/foapi.org\\\/en\\\/?s={search_term_string}\"},\"query-input\":{\"@type\":\"PropertyValueSpecification\",\"valueRequired\":true,\"valueName\":\"search_term_string\"}}],\"inLanguage\":\"en-US\"},{\"@type\":\"Organization\",\"@id\":\"https:\\\/\\\/foapi.org\\\/en\\\/#organization\",\"name\":\"FOAPI\",\"url\":\"https:\\\/\\\/foapi.org\\\/en\\\/\",\"logo\":{\"@type\":\"ImageObject\",\"inLanguage\":\"en-US\",\"@id\":\"https:\\\/\\\/foapi.org\\\/en\\\/#\\\/schema\\\/logo\\\/image\\\/\",\"url\":\"https:\\\/\\\/foapi.org\\\/wp-content\\\/uploads\\\/2026\\\/03\\\/logo-FOAPI-OK-couleurs.avif\",\"contentUrl\":\"https:\\\/\\\/foapi.org\\\/wp-content\\\/uploads\\\/2026\\\/03\\\/logo-FOAPI-OK-couleurs.avif\",\"width\":1499,\"height\":850,\"caption\":\"FOAPI\"},\"image\":{\"@id\":\"https:\\\/\\\/foapi.org\\\/en\\\/#\\\/schema\\\/logo\\\/image\\\/\"}}]}<\/script>\n<!-- \/ Yoast SEO plugin. -->","yoast_head_json":{"title":"Registration - FOAPI","robots":{"index":"index","follow":"follow","max-snippet":"max-snippet:-1","max-image-preview":"max-image-preview:large","max-video-preview":"max-video-preview:-1"},"canonical":"https:\/\/foapi.org\/en\/registration\/","og_locale":"en_US","og_type":"article","og_title":"Registration - FOAPI","og_description":"Registration Confirm your participation in FOAPI 2026","og_url":"https:\/\/foapi.org\/en\/registration\/","og_site_name":"FOAPI","article_modified_time":"2026-03-26T15:58:18+00:00","og_image":[{"width":512,"height":512,"url":"https:\/\/foapi.org\/wp-content\/uploads\/2026\/03\/LOGO-.jpg.webp","type":"image\/webp"}],"twitter_card":"summary_large_image","schema":{"@context":"https:\/\/schema.org","@graph":[{"@type":"WebPage","@id":"https:\/\/foapi.org\/en\/registration\/","url":"https:\/\/foapi.org\/en\/registration\/","name":"Registration - FOAPI","isPartOf":{"@id":"https:\/\/foapi.org\/en\/#website"},"datePublished":"2026-03-17T11:25:57+00:00","dateModified":"2026-03-26T15:58:18+00:00","breadcrumb":{"@id":"https:\/\/foapi.org\/en\/registration\/#breadcrumb"},"inLanguage":"en-US","potentialAction":[{"@type":"ReadAction","target":["https:\/\/foapi.org\/en\/registration\/"]}]},{"@type":"BreadcrumbList","@id":"https:\/\/foapi.org\/en\/registration\/#breadcrumb","itemListElement":[{"@type":"ListItem","position":1,"name":"Accueil","item":"https:\/\/foapi.org\/en\/home\/"},{"@type":"ListItem","position":2,"name":"Registration"}]},{"@type":"WebSite","@id":"https:\/\/foapi.org\/en\/#website","url":"https:\/\/foapi.org\/en\/","name":"FOAPI","description":"Repenser la philanthropie africaine de la solidarit\u00e9 \u00e0 l&#039;investissement d&#039;impact","publisher":{"@id":"https:\/\/foapi.org\/en\/#organization"},"potentialAction":[{"@type":"SearchAction","target":{"@type":"EntryPoint","urlTemplate":"https:\/\/foapi.org\/en\/?s={search_term_string}"},"query-input":{"@type":"PropertyValueSpecification","valueRequired":true,"valueName":"search_term_string"}}],"inLanguage":"en-US"},{"@type":"Organization","@id":"https:\/\/foapi.org\/en\/#organization","name":"FOAPI","url":"https:\/\/foapi.org\/en\/","logo":{"@type":"ImageObject","inLanguage":"en-US","@id":"https:\/\/foapi.org\/en\/#\/schema\/logo\/image\/","url":"https:\/\/foapi.org\/wp-content\/uploads\/2026\/03\/logo-FOAPI-OK-couleurs.avif","contentUrl":"https:\/\/foapi.org\/wp-content\/uploads\/2026\/03\/logo-FOAPI-OK-couleurs.avif","width":1499,"height":850,"caption":"FOAPI"},"image":{"@id":"https:\/\/foapi.org\/en\/#\/schema\/logo\/image\/"}}]}},"_links":{"self":[{"href":"https:\/\/foapi.org\/en\/wp-json\/wp\/v2\/pages\/4240","targetHints":{"allow":["GET"]}}],"collection":[{"href":"https:\/\/foapi.org\/en\/wp-json\/wp\/v2\/pages"}],"about":[{"href":"https:\/\/foapi.org\/en\/wp-json\/wp\/v2\/types\/page"}],"author":[{"embeddable":true,"href":"https:\/\/foapi.org\/en\/wp-json\/wp\/v2\/users\/1"}],"replies":[{"embeddable":true,"href":"https:\/\/foapi.org\/en\/wp-json\/wp\/v2\/comments?post=4240"}],"version-history":[{"count":1,"href":"https:\/\/foapi.org\/en\/wp-json\/wp\/v2\/pages\/4240\/revisions"}],"predecessor-version":[{"id":4241,"href":"https:\/\/foapi.org\/en\/wp-json\/wp\/v2\/pages\/4240\/revisions\/4241"}],"wp:attachment":[{"href":"https:\/\/foapi.org\/en\/wp-json\/wp\/v2\/media?parent=4240"}],"curies":[{"name":"wp","href":"https:\/\/api.w.org\/{rel}","templated":true}]}}